{"id":2013,"date":"2016-02-23T14:20:21","date_gmt":"2016-02-23T14:20:21","guid":{"rendered":"http:\/\/demo.themelogi.com\/roneous\/?page_id=2013"},"modified":"2021-04-20T08:33:49","modified_gmt":"2021-04-20T08:33:49","slug":"home","status":"publish","type":"page","link":"https:\/\/kursaaltum.com\/","title":{"rendered":"S\u0101kums"},"content":{"rendered":"<p>[vc_row full_width=&#8221;stretch_row&#8221;][vc_column]<section class=\"m0 p0 cover scrolled-no-hide fullscreen image-slider\" style=\"px\">\n\t\t\t\t\t<div class=\"carousel-one-item-fade main-slider slides\"><div  id=\"slider-69f3d9fcf20e4\" class=\"header-slider item m0 image-bg p0 fullscreen \" style=\"\"><div class=\"background-content\"><img width=\"2560\" height=\"946\" src=\"https:\/\/kursaaltum.com\/wp-content\/uploads\/2020\/05\/tree-trunk-banner-scaled.jpg\" class=\"background-image\" alt=\"\" loading=\"lazy\" srcset=\"https:\/\/kursaaltum.com\/wp-content\/uploads\/2020\/05\/tree-trunk-banner-scaled.jpg 2560w, https:\/\/kursaaltum.com\/wp-content\/uploads\/2020\/05\/tree-trunk-banner-300x111.jpg 300w, https:\/\/kursaaltum.com\/wp-content\/uploads\/2020\/05\/tree-trunk-banner-1024x378.jpg 1024w, https:\/\/kursaaltum.com\/wp-content\/uploads\/2020\/05\/tree-trunk-banner-768x284.jpg 768w, https:\/\/kursaaltum.com\/wp-content\/uploads\/2020\/05\/tree-trunk-banner-1536x567.jpg 1536w, https:\/\/kursaaltum.com\/wp-content\/uploads\/2020\/05\/tree-trunk-banner-2048x757.jpg 2048w\" sizes=\"(max-width: 2560px) 100vw, 2560px\" \/><div  class=\"background-overlay\"><\/div><\/div><div  class=\"container vertical-alignment item-content zoom-in\"><div class=\"row\"><div class=\"col-md-10 col-md-offset-1 col-sm-12 text-center\"><h1 class=\"heading-title-bold\">KURSA ALTUM<\/h1><div class=\"lead\" >Lab\u0101kais risin\u0101jums kokiem un cilv\u0113kiem<\/div><div class=\"heading-content\"><\/div><div class=\"mt24 mt-xs-0\"><a  id=\"btn-69f3d9fcf20e5\" class=\"btn-lg btn-sm-sm m0 btn-new btn-1 btn-1b ti-arrow-down \" href= \"#pakalpojumi\"  >Pakalpojumi<\/a><\/div>\n                <\/div><\/div><\/div><\/div><div  id=\"slider-69f3d9fcf23b8\" class=\"header-slider item m0 image-bg p0 fullscreen \" style=\"\"><div class=\"background-content\"><img width=\"1700\" height=\"1200\" src=\"https:\/\/kursaaltum.com\/wp-content\/uploads\/2020\/05\/top-view-of-tree-stump-JD29X4S.jpg\" class=\"background-image\" alt=\"\" loading=\"lazy\" srcset=\"https:\/\/kursaaltum.com\/wp-content\/uploads\/2020\/05\/top-view-of-tree-stump-JD29X4S.jpg 1700w, https:\/\/kursaaltum.com\/wp-content\/uploads\/2020\/05\/top-view-of-tree-stump-JD29X4S-300x212.jpg 300w, https:\/\/kursaaltum.com\/wp-content\/uploads\/2020\/05\/top-view-of-tree-stump-JD29X4S-1024x723.jpg 1024w, https:\/\/kursaaltum.com\/wp-content\/uploads\/2020\/05\/top-view-of-tree-stump-JD29X4S-768x542.jpg 768w, https:\/\/kursaaltum.com\/wp-content\/uploads\/2020\/05\/top-view-of-tree-stump-JD29X4S-1536x1084.jpg 1536w\" sizes=\"(max-width: 1700px) 100vw, 1700px\" \/><div  class=\"background-overlay\"><\/div><\/div><div  class=\"container vertical-alignment item-content zoom-out\"><div class=\"row\"><div class=\"col-md-10 col-md-offset-1 col-sm-12 text-center\"><h1 class=\"heading-title-bold\">JAUNUMS!<\/h1><div class=\"lead\" >Kursa Altum pied\u0101v\u0101 celmu fr\u0113z\u0113\u0161anas pakalpojumu.<\/div><div class=\"heading-content\"><\/div><div class=\"mt24 mt-xs-0\"><a  id=\"btn-69f3d9fcf23b9\" class=\"btn-lg btn-sm-sm m0 btn-new btn-1 btn-1b ti-arrow-down \" href= \"#jaunums\"  >Vair\u0101k!<\/a><\/div>\n                <\/div><\/div><\/div><\/div><\/div>\n\t\t\t\t<\/section>[\/vc_column][\/vc_row][vc_row tlg_padding=&#8221;pb0&#8243; el_id=&#8221;pakalpojumi&#8221;][vc_column]<div class=\"tlg-spacer\" data-height=\"50\" data-height-tablet=\"50\" data-height-mobile=\"50\" style=\"clear:both;display:block;height:50px;\"><\/div><div class=\"headings-title\"><div class=\"mb72 mb-xs-40 text-center\"><div style=\"color:#8b8b8b!important;font-size:18px;line-height:23px;text-transform: none!important;\" class=\"widgetsubtitle mb8\">KURSA ALTUM<\/div><h4 style=\"text-transform: uppercase!important;\" class=\"widgettitle mb0\">Pilna servisa koku kop\u0161anas pakalpojumi<\/h4><\/div><\/div><div class=\"tlg-spacer\" data-height=\"35\" data-height-tablet=\"35\" data-height-mobile=\"35\" style=\"clear:both;display:block;height:35px;\"><\/div>[\/vc_column][\/vc_row][vc_row tlg_padding=&#8221;pt0&#8243;][vc_column width=&#8221;1\/3&#8243;]<div id=\"iconbox-69f3d9fcf2644\" class=\"\"><div class=\"icon-link\"><a class=\"inherit\" href= \"http:\/\/kursaaltum.com\/index.php\/portfolio\/koku-vainaga-veidosana\/\" target=\"_self\" ><div class=\"relative mb0 text-center\">\n\t\t\t\t\t\t\t<div class=\"icon-image\"><img src=\"https:\/\/kursaaltum.com\/wp-content\/uploads\/2020\/05\/kursa-altum1-copy-600x600.jpg\" alt=\"icon-image\" \/><div class=\"image-overlay\"><i class=\"ti-check-box\"><\/i><\/div><\/div>\n\t\t\t\t\t\t\t<h5  class=\"widgettitle mb0\">Koku vainaga veido\u0161ana<\/h5>\n\t\t\t\t\t\t\t<div  class=\"widgetsubtitle mb16\">Polard\u0113\u0161ana, vainaga samazin\u0101\u0161ana, retin\u0101\u0161ana pacel\u0161ana. Dz\u012bv\u017eoga veido\u0161ana.<\/div>\n\t\t\t\t\t\t\t<div  class=\"icon-content\"><\/div> \n\t\t\t\t\t\t<\/div><\/a><\/div><\/div><script type=\"text\/javascript\">jQuery(document).ready(function(){jQuery('head').append('<style type=\"text\/css\" id=\"tlg-custom-css-iconbox-69f3d9fcf2644\">#iconbox-69f3d9fcf2644 .icon-link:hover .widgettitle{color:#28262b!important;}<\/style>');});<\/script><div class=\"tlg-spacer\" data-height=\"30\" data-height-tablet=\"30\" data-height-mobile=\"30\" style=\"clear:both;display:block;height:30px;\"><\/div><div id=\"iconbox-69f3d9fcf28f4\" class=\"\"><div class=\"icon-link\"><a class=\"inherit\" href= \"http:\/\/kursaaltum.com\/index.php\/portfolio\/celmu-frezesana\/\" target=\"_self\" ><div class=\"relative mb0 text-center\">\n\t\t\t\t\t\t\t<div class=\"icon-image\"><img src=\"https:\/\/kursaaltum.com\/wp-content\/uploads\/2020\/05\/celma.frezesana2-copy-600x600.jpg\" alt=\"icon-image\" \/><div class=\"image-overlay\"><i class=\"ti-check-box\"><\/i><\/div><\/div>\n\t\t\t\t\t\t\t<h5  class=\"widgettitle mb0\">Celmu fr\u0113z\u0113\u0161ana<\/h5>\n\t\t\t\t\t\t\t<div  class=\"widgetsubtitle mb16\">Uz\u0146\u0113mums pied\u0101v\u0101 gan mazu, gan apjom\u012bgu celmu fr\u0113z\u0113\u0161anu<\/div>\n\t\t\t\t\t\t\t<div  class=\"icon-content\"><\/div> \n\t\t\t\t\t\t<\/div><\/a><\/div><\/div><script type=\"text\/javascript\">jQuery(document).ready(function(){jQuery('head').append('<style type=\"text\/css\" id=\"tlg-custom-css-iconbox-69f3d9fcf28f4\">#iconbox-69f3d9fcf28f4 .icon-link:hover .widgettitle{color:#28262b!important;}<\/style>');});<\/script>[\/vc_column][vc_column width=&#8221;1\/3&#8243;]<div id=\"iconbox-69f3d9fcf2bb7\" class=\"\"><div class=\"icon-link\"><a class=\"inherit\" href= \"http:\/\/kursaaltum.com\/index.php\/portfolio\/bistamu-koku-nozagesana\/\" target=\"_self\" ><div class=\"relative mb0 text-center\">\n\t\t\t\t\t\t\t<div class=\"icon-image\"><img src=\"https:\/\/kursaaltum.com\/wp-content\/uploads\/2020\/05\/Arbo4-copy-1-600x600.jpg\" alt=\"icon-image\" \/><div class=\"image-overlay\"><i class=\"ti-check-box\"><\/i><\/div><\/div>\n\t\t\t\t\t\t\t<h5  class=\"widgettitle mb0\">B\u012bstamu koku noz\u0101g\u0113\u0161ana<\/h5>\n\t\t\t\t\t\t\t<div  class=\"widgetsubtitle mb16\">Uz\u0146\u0113mums veic koku z\u0101\u0123\u0113\u0161ana pils\u0113tvid\u0113 - pie m\u0101j\u0101m, elektrol\u012bnij\u0101m, kapos u.c.<\/div>\n\t\t\t\t\t\t\t<div  class=\"icon-content\"><\/div> \n\t\t\t\t\t\t<\/div><\/a><\/div><\/div><script type=\"text\/javascript\">jQuery(document).ready(function(){jQuery('head').append('<style type=\"text\/css\" id=\"tlg-custom-css-iconbox-69f3d9fcf2bb7\">#iconbox-69f3d9fcf2bb7 .icon-link:hover .widgettitle{color:#28262b!important;}<\/style>');});<\/script><div class=\"tlg-spacer\" data-height=\"30\" data-height-tablet=\"30\" data-height-mobile=\"30\" style=\"clear:both;display:block;height:30px;\"><\/div><div id=\"iconbox-69f3d9fcf2e54\" class=\"\"><div class=\"icon-link\"><a class=\"inherit\" href= \"http:\/\/kursaaltum.com\/index.php\/portfolio\/citi-arborista-pakalpojumi\/\" target=\"_self\" ><div class=\"relative mb0 text-center\">\n\t\t\t\t\t\t\t<div class=\"icon-image\"><img src=\"https:\/\/kursaaltum.com\/wp-content\/uploads\/2020\/05\/koku.norobezosana2-600x600.jpg\" alt=\"icon-image\" \/><div class=\"image-overlay\"><i class=\"ti-check-box\"><\/i><\/div><\/div>\n\t\t\t\t\t\t\t<h5  class=\"widgettitle mb0\">Citi arborista pakalpojumi<\/h5>\n\t\t\t\t\t\t\t<div  class=\"widgetsubtitle mb16\">Koku st\u0101vok\u013ca nov\u0113rt\u0113\u0161ana; Koku norobe\u017eo\u0161ana b\u016bvlaukumos; Koku un kr\u016bmu z\u0101\u0123\u0113\u0161ana ce\u013cu servit\u016btos<\/div>\n\t\t\t\t\t\t\t<div  class=\"icon-content\"><\/div> \n\t\t\t\t\t\t<\/div><\/a><\/div><\/div><script type=\"text\/javascript\">jQuery(document).ready(function(){jQuery('head').append('<style type=\"text\/css\" id=\"tlg-custom-css-iconbox-69f3d9fcf2e54\">#iconbox-69f3d9fcf2e54 .icon-link:hover .widgettitle{color:#28262b!important;}<\/style>');});<\/script>[\/vc_column][vc_column width=&#8221;1\/3&#8243;]<div id=\"iconbox-69f3d9fcf30e7\" class=\"\"><div class=\"icon-link\"><a class=\"inherit\" href= \"http:\/\/kursaaltum.com\/index.php\/portfolio\/skeldosana-kokmateriala-izvesana\/\" target=\"_self\" ><div class=\"relative mb0 text-center\">\n\t\t\t\t\t\t\t<div class=\"icon-image\"><img src=\"https:\/\/kursaaltum.com\/wp-content\/uploads\/2020\/05\/skeldosana-copy-600x600.jpg\" alt=\"icon-image\" \/><div class=\"image-overlay\"><i class=\"ti-check-box\"><\/i><\/div><\/div>\n\t\t\t\t\t\t\t<h5  class=\"widgettitle mb0\">\u0160\u0137eldo\u0161ana, kokmateri\u0101la izve\u0161ana<\/h5>\n\t\t\t\t\t\t\t<div  class=\"widgetsubtitle mb16\">Uz\u0146\u0113mums pied\u0101v\u0101 sa\u0161\u0137eldot noz\u0101\u0123\u0113tos zarus un izvest kokmateri\u0101lus no teritorijas<\/div>\n\t\t\t\t\t\t\t<div  class=\"icon-content\"><\/div> \n\t\t\t\t\t\t<\/div><\/a><\/div><\/div><script type=\"text\/javascript\">jQuery(document).ready(function(){jQuery('head').append('<style type=\"text\/css\" id=\"tlg-custom-css-iconbox-69f3d9fcf30e7\">#iconbox-69f3d9fcf30e7 .icon-link:hover .widgettitle{color:#28262b!important;}<\/style>');});<\/script><div class=\"tlg-spacer\" data-height=\"30\" data-height-tablet=\"30\" data-height-mobile=\"30\" style=\"clear:both;display:block;height:30px;\"><\/div><div id=\"iconbox-69f3d9fcf33d6\" class=\"\"><div class=\"icon-link\"><a class=\"inherit\" href= \"http:\/\/kursaaltum.com\/index.php\/portfolio\/citi-pakalpojumi\/\" target=\"_self\" ><div class=\"relative mb0 text-center\">\n\t\t\t\t\t\t\t<div class=\"icon-image\"><img src=\"https:\/\/kursaaltum.com\/wp-content\/uploads\/2020\/05\/vides.reklama2-copy-600x600.jpg\" alt=\"icon-image\" \/><div class=\"image-overlay\"><i class=\"ti-check-box\"><\/i><\/div><\/div>\n\t\t\t\t\t\t\t<h5  class=\"widgettitle mb0\">Citi pakalpojumi<\/h5>\n\t\t\t\t\t\t\t<div  class=\"widgetsubtitle mb16\">Vides rekl\u0101mu izvieto\u0161ana, jumtu un noteku t\u012br\u012b\u0161ana<\/div>\n\t\t\t\t\t\t\t<div  class=\"icon-content\"><\/div> \n\t\t\t\t\t\t<\/div><\/a><\/div><\/div><script type=\"text\/javascript\">jQuery(document).ready(function(){jQuery('head').append('<style type=\"text\/css\" id=\"tlg-custom-css-iconbox-69f3d9fcf33d6\">#iconbox-69f3d9fcf33d6 .icon-link:hover .widgettitle{color:#28262b!important;}<\/style>');});<\/script>[\/vc_column][\/vc_row][vc_row el_id=&#8221;jaunums&#8221;][vc_column][\/vc_column][\/vc_row][vc_row full_width=&#8221;stretch_row&#8221; tlg_background_style=&#8221;bg-secondary&#8221; tlg_equal_height=&#8221;equal-height&#8221; css=&#8221;.vc_custom_1589731286242{background-color: #f7f7f7 !important;}&#8221;][vc_column width=&#8221;1\/3&#8243; css=&#8221;.vc_custom_1589728700806{padding-top: 80px !important;padding-right: 80px !important;padding-bottom: 60px !important;padding-left: 80px !important;background: #4e6b06 url(http:\/\/kursaaltum.com\/wp-content\/uploads\/2020\/05\/top-view-of-tree-stump-JD29X4S.jpg?id=4113) !important;}&#8221;]<div class=\"headings-title\"><div class=\"mb16 mb-xs-40 text-left\"><h3 style=\"color:#ffffff!important;\" class=\"widgettitle mb0\">Jaunums!<\/h3><\/div><\/div>[vc_column_text el_class=&#8221;color-white&#8221;]<\/p>\n<h5><strong>Nodro\u0161in\u0101m jebkura izm\u0113ra celmu likvid\u0113\u0161anu.<\/strong><\/h5>\n<p>[\/vc_column_text]<div class=\"\"><a  id=\"btn-69f3d9fcf36a9\" class=\"btn btn-filled btn-light  ti-arrow-right  btn-sm-sm\" href= \"https:\/\/kursaaltum.com\/index.php\/portfolio\/celmu-frezesana\/\" target=\"_self\" >Vair\u0101k<\/a><\/div>[\/vc_column][vc_column width=&#8221;1\/3&#8243; css=&#8221;.vc_custom_1589722556509{background-image: url(http:\/\/kursaaltum.com\/wp-content\/uploads\/2020\/05\/celma.frezesana-copy-1.jpg?id=3964) !important;background-position: center !important;background-repeat: no-repeat !important;background-size: cover !important;}&#8221;]<div class=\"tlg-spacer\" data-height=\"300\" data-height-tablet=\"300\" data-height-mobile=\"300\" style=\"clear:both;display:block;height:300px;\"><\/div>[\/vc_column][vc_column width=&#8221;1\/3&#8243; css=&#8221;.vc_custom_1461161087542{padding-top: 80px !important;padding-right: 80px !important;padding-bottom: 60px !important;padding-left: 80px !important;}&#8221;]<div id=\"iconbox-69f3d9fcf36ce\" class=\"\"><div class=\"icon-link\"><div class=\"display-table mb16 mb-xs-24 text-left\">\n\t\t\t\t    \t\t<div class=\"display-cell vertical-top\">\n\t\t\t\t    \t\t\t<i style=\"color:#078442;\" class=\"ti-thumb-up circle-icon small-icon inline-block mb16 mr-25 ms-text icon-lg\"><\/i>\n\t\t\t\t    \t\t<\/div>\n\t\t\t\t    \t\t<div class=\"display-cell\">\n\t\t\t\t    \t\t\t<h5 style=\"font-size:16px!important;line-height:26px;text-transform: uppercase!important;\" class=\"widgettitle mb8\">Veicam darbus \u0101tri un kvaltiat\u012bvi<\/h5>\n\t\t\t\t    \t\t\t<div style=\"text-transform: none!important;\" class=\"widgetsubtitle\"><\/div>\n\t\t\t\t    \t\t\t<div  class=\"icon-content\"><\/div>\n\t\t\t\t    \t\t<\/div>\n\t\t\t\t    \t<\/div><\/div><\/div><div id=\"iconbox-69f3d9fcf36e4\" class=\"\"><div class=\"icon-link\"><div class=\"display-table mb16 mb-xs-24 text-left\">\n\t\t\t\t    \t\t<div class=\"display-cell vertical-top\">\n\t\t\t\t    \t\t\t<i style=\"color:#078442;\" class=\"ti-thumb-up circle-icon small-icon inline-block mb16 mr-25 ms-text icon-lg\"><\/i>\n\t\t\t\t    \t\t<\/div>\n\t\t\t\t    \t\t<div class=\"display-cell\">\n\t\t\t\t    \t\t\t<h5  class=\"widgettitle mb8\">str\u0101d\u0101jam klientam \u0113rt\u0101 laik\u0101<\/h5>\n\t\t\t\t    \t\t\t<div  class=\"widgetsubtitle\"><\/div>\n\t\t\t\t    \t\t\t<div  class=\"icon-content\"><\/div>\n\t\t\t\t    \t\t<\/div>\n\t\t\t\t    \t<\/div><\/div><\/div>[\/vc_column][\/vc_row][vc_row tlg_padding=&#8221;pb0&#8243;][vc_column]<div class=\"tlg-spacer\" data-height=\"50\" data-height-tablet=\"50\" data-height-mobile=\"50\" style=\"clear:both;display:block;height:50px;\"><\/div><div class=\"headings-title\"><div class=\"mb72 mb-xs-40 text-center\"><div style=\"color:#8b8b8b!important;font-size:18px;line-height:23px;text-transform: none!important;\" class=\"widgetsubtitle mb8\">Sazinies ar mums un<\/div><h4 style=\"text-transform: uppercase!important;\" class=\"widgettitle mb0\">SA\u0145EM PIED\u0100V\u0100JUMU!<\/h4><\/div><\/div>[\/vc_column][\/vc_row][vc_row css=&#8221;.vc_custom_1589729550190{background-image: url(http:\/\/kursaaltum.com\/wp-content\/uploads\/2020\/05\/spring-canopy-of-tree-deciduous-forest-summer-natu-V4FTP32-1.jpg?id=4163) !important;}&#8221;][vc_column]<div role=\"form\" class=\"wpcf7\" id=\"wpcf7-f12-o1\" lang=\"en-US\" dir=\"ltr\">\n<div class=\"screen-reader-response\"><p role=\"status\" aria-live=\"polite\" aria-atomic=\"true\"><\/p> <ul><\/ul><\/div>\n<form action=\"\/index.php\/wp-json\/wp\/v2\/pages\/2013#wpcf7-f12-o1\" method=\"post\" class=\"wpcf7-form init\" novalidate=\"novalidate\" data-status=\"init\">\n<div style=\"display: none;\">\n<input type=\"hidden\" name=\"_wpcf7\" value=\"12\" \/>\n<input type=\"hidden\" name=\"_wpcf7_version\" value=\"5.4\" \/>\n<input type=\"hidden\" name=\"_wpcf7_locale\" value=\"en_US\" \/>\n<input type=\"hidden\" name=\"_wpcf7_unit_tag\" value=\"wpcf7-f12-o1\" \/>\n<input type=\"hidden\" name=\"_wpcf7_container_post\" value=\"0\" \/>\n<input type=\"hidden\" name=\"_wpcf7_posted_data_hash\" value=\"\" \/>\n<\/div>\n<div class=\"overflow-hidden\">\n<div class=\"half-column half-column-left\">\n    <span class=\"wpcf7-form-control-wrap your-name\"><input type=\"text\" name=\"your-name\" value=\"\" size=\"40\" class=\"wpcf7-form-control wpcf7-text wpcf7-validates-as-required\" aria-required=\"true\" aria-invalid=\"false\" placeholder=\"V\u0101rds\" \/><\/span><span class=\"wpcf7-form-control-wrap your-message\"><textarea name=\"your-message\" cols=\"40\" rows=\"10\" class=\"wpcf7-form-control wpcf7-textarea\" aria-invalid=\"false\" placeholder=\"Zi\u0146a\"><\/textarea><\/span>\n<\/div>\n<div class=\"half-column half-column-right\">\n   <span class=\"wpcf7-form-control-wrap your-email\"><input type=\"email\" name=\"your-email\" value=\"\" size=\"40\" class=\"wpcf7-form-control wpcf7-text wpcf7-email wpcf7-validates-as-required wpcf7-validates-as-email\" aria-required=\"true\" aria-invalid=\"false\" placeholder=\"e-pasts\" \/><\/span> <input type=\"submit\" value=\"S\u016bt\u012bt\" class=\"wpcf7-form-control wpcf7-submit\" \/>\n<\/div>\n<\/div>\n<div class=\"wpcf7-response-output\" aria-hidden=\"true\"><\/div><\/form><\/div>[\/vc_column][\/vc_row][vc_row disable_element=&#8221;yes&#8221; tlg_padding=&#8221;pt0&#8243;][vc_column width=&#8221;1\/2&#8243;]<div id=\"tab-69f3d9fcf39f4\" class=\"tabs-content tabs-style-1 \"><ul class=\"tabs\"><li><div class=\"tab-title\"><i class=\"ti-check-box icon\"><\/i><span>Visual<\/span><\/div><div class=\"tab-content\"><p>Anim pariatur cliche reprehenderit, enim eiusmod high life accusamus terry richardson ad squid. 3 wolf moon officia aute, non cupidatat skateboard dolor brunch. Food truck quinoa nesciunt laborum eiusmod.<\/p>\n<\/div><\/li><li><div class=\"tab-title\"><i class=\"ti-pie-chart icon\"><\/i><span>Functional<\/span><\/div><div class=\"tab-content\"><p>Food truck quinoa nesciunt laborum eiusmod. Anim pariatur cliche reprehenderit, enim eiusmod high life accusamus terry richardson ad squid. 3 wolf moon officia aute, non cupidatat skateboard dolor brunch.<\/p>\n<\/div><\/li><li><div class=\"tab-title\"><i class=\"ti-mouse icon\"><\/i><span>Responsive<\/span><\/div><div class=\"tab-content\"><p>Cupidatat skateboard dolor brunch anim pariatur cliche reprehenderit, enim eiusmod high life accusamus terry richardson ad squid. 3 wolf moon officia aute. Food truck quinoa nesciunt laborum eiusmod.<\/p>\n<\/div><\/li><\/ul><\/div>[\/vc_column][vc_column width=&#8221;1\/2&#8243;][vc_row_inner][vc_column_inner width=&#8221;1\/3&#8243;]<div class=\"text-center \"><i  class=\"fade-color m-text ti-user icon\"><\/i><div class=\"counter mt16 mb16\"><span class=\"counter-number\">2009<\/span><\/div><div class=\"maintitle uppercase\"><\/div><div class=\"subtitle\">All of the member<\/div><\/div>[\/vc_column_inner][vc_column_inner width=&#8221;1\/3&#8243;]<div class=\"text-center \"><i  class=\"fade-color m-text ti-timer icon\"><\/i><div class=\"counter mt16 mb16\"><span class=\"counter-number\">1106<\/span><\/div><div class=\"maintitle uppercase\"><\/div><div class=\"subtitle\">The working days<\/div><\/div>[\/vc_column_inner][vc_column_inner width=&#8221;1\/3&#8243;]<div class=\"text-center \"><i  class=\"fade-color m-text ti-infinite icon\"><\/i><div class=\"counter mt16 mb16\"><span class=\"counter-number\">2627<\/span><\/div><div class=\"maintitle uppercase\"><\/div><div class=\"subtitle\">The distance<\/div><\/div>[\/vc_column_inner][\/vc_row_inner][\/vc_column][\/vc_row][vc_row tlg_background_style=&#8221;bg-secondary&#8221; el_class=&#8221;kontaktinfo&#8221;][vc_column width=&#8221;1\/3&#8243;]<div class=\"headings-title\"><div class=\"mb16 mb16 mb-xs-40 text-left\"><h5  class=\"widgettitle mb0\">KONTAKTINFO<\/h5><\/div><\/div><div class=\"icon_title_list-content icon-list\"><ul class=\"icon_title_list\"><li><span class=\"inline-block mb8 mr-15\"><i style=\"color:#727272;\" class=\"ti-mobile  inline-block\"><\/i><\/span><span><a href= \"tel:+371%2026085985\" target=\"_self\" >+371 26085985<\/a><\/span><\/li><li><span class=\"inline-block mb8 mr-15\"><i style=\"color:#727272;\" class=\"ti-email  inline-block\"><\/i><\/span><span><a href= \"mailto:kursaaltum@gmail.com\" target=\"_self\" >kursaaltum@gmail.com<\/a><\/span><\/li><li><span class=\"inline-block mb8 mr-15\"><i style=\"color:#727272;\" class=\"ti-map-alt  inline-block\"><\/i><\/span><span>Skrundas 19-3, Kuld\u012bga<\/span><\/li><\/ul><\/div>[\/vc_column][vc_column width=&#8221;1\/3&#8243;][vc_column_text]SIA \u201cKursa Altum\u201d klienti ir priv\u0101t\u012bpa\u0161nieki, \u0113ku apsaimniekot\u0101ji, pa\u0161vald\u012bbas, ce\u013cu b\u016bves uz\u0146\u0113mumi, b\u016bvfirmas u.c.<\/p>\n<p>Str\u0101d\u0101jam Kurzemes re\u0123ion\u0101 un Pier\u012bg\u0101.[\/vc_column_text][\/vc_column][vc_column width=&#8221;1\/3&#8243;][\/vc_column][\/vc_row][vc_row][vc_column][vc_single_image image=&#8221;4410&#8243; img_size=&#8221;full&#8221; alignment=&#8221;center&#8221; css=&#8221;.vc_custom_1618907659768{margin-right: 100px !important;margin-left: 100px !important;}&#8221;][vc_column_text]SIA \u201eKursa Altum\u201d nosl\u0113gts l\u012bgums ar LIAA par inkub\u0101cijas atbalsta sa\u0146em\u0161anu ERAF projekt\u0101 Nr. 3.1.1.6\/16\/I\/001 \u201cRe\u0123ion\u0101lie biznesa inkubatori un Rado\u0161o industriju inkubators\u201d.[\/vc_column_text][\/vc_column][\/vc_row]<\/p>\n","protected":false},"excerpt":{"rendered":"<p>[vc_row full_width=&#8221;stretch_row&#8221;][vc_column][\/vc_column][\/vc_row][vc_row tlg_padding=&#8221;pb0&#8243; el_id=&#8221;pakalpojumi&#8221;][vc_column][\/vc_column][\/vc_row][vc_row tlg_padding=&#8221;pt0&#8243;][vc_column width=&#8221;1\/3&#8243;][\/vc_column][vc_column width=&#8221;1\/3&#8243;][\/vc_column][vc_column width=&#8221;1\/3&#8243;][\/vc_column][\/vc_row][vc_row el_id=&#8221;jaunums&#8221;][vc_column][\/vc_column][\/vc_row][vc_row full_width=&#8221;stretch_row&#8221; tlg_background_style=&#8221;bg-secondary&#8221; tlg_equal_height=&#8221;equal-height&#8221; css=&#8221;.vc_custom_1589731286242{background-color: #f7f7f7 !important;}&#8221;][vc_column width=&#8221;1\/3&#8243;&#8230;<\/p>\n","protected":false},"author":2,"featured_media":0,"parent":0,"menu_order":0,"comment_status":"closed","ping_status":"closed","template":"","meta":[],"_links":{"self":[{"href":"https:\/\/kursaaltum.com\/index.php\/wp-json\/wp\/v2\/pages\/2013"}],"collection":[{"href":"https:\/\/kursaaltum.com\/index.php\/wp-json\/wp\/v2\/pages"}],"about":[{"href":"https:\/\/kursaaltum.com\/index.php\/wp-json\/wp\/v2\/types\/page"}],"author":[{"embeddable":true,"href":"https:\/\/kursaaltum.com\/index.php\/wp-json\/wp\/v2\/users\/2"}],"replies":[{"embeddable":true,"href":"https:\/\/kursaaltum.com\/index.php\/wp-json\/wp\/v2\/comments?post=2013"}],"version-history":[{"count":159,"href":"https:\/\/kursaaltum.com\/index.php\/wp-json\/wp\/v2\/pages\/2013\/revisions"}],"predecessor-version":[{"id":4411,"href":"https:\/\/kursaaltum.com\/index.php\/wp-json\/wp\/v2\/pages\/2013\/revisions\/4411"}],"wp:attachment":[{"href":"https:\/\/kursaaltum.com\/index.php\/wp-json\/wp\/v2\/media?parent=2013"}],"curies":[{"name":"wp","href":"https:\/\/api.w.org\/{rel}","templated":true}]}}