{"id":4231,"date":"2020-05-17T18:10:38","date_gmt":"2020-05-17T18:10:38","guid":{"rendered":"http:\/\/kursaaltum.com\/?page_id=4231"},"modified":"2020-06-01T08:17:45","modified_gmt":"2020-06-01T08:17:45","slug":"par-mums","status":"publish","type":"page","link":"https:\/\/kursaaltum.com\/index.php\/par-mums\/","title":{"rendered":"Par mums"},"content":{"rendered":"<p>[vc_row][vc_column width=&#8221;2\/3&#8243;]<div class=\"headings-title\"><div class=\"mb16 mb16 mb-xs-40 text-left\"><h5  class=\"widgettitle mb0\">Par mums<\/h5><div  class=\"widgetsubtitle\">SIA \u201cKursa Altum\u201d misija ir vis\u0101s situ\u0101cij\u0101s rast lab\u0101ko risin\u0101jumu kokiem un cilv\u0113kiem.<\/div><\/div><\/div>[vc_column_text]SIA \u201cKursa Altum\u201d sniedz sertific\u0113ta arborista jeb kokkopja pakalpojumus. M\u016bsu pakalpojumu kl\u0101st\u0101 ir pilna servisa koku kop\u0161ana \u2013 koku st\u0101vok\u013ca nov\u0113rt\u0113jums, vainaga veido\u0161ana, b\u012bstamu koku un zaru likvid\u0113\u0161ana, kokmateri\u0101lu aizve\u0161ana un \u0161\u0137eldo\u0161ana, k\u0101 ar\u012b celmu fr\u0113z\u0113\u0161ana. Veicam ar\u012b nestandarta darbus palielin\u0101t\u0101 augstum\u0101 un izvietojam lielform\u0101ta vides rekl\u0101mas. SIA \u201cKursa Altum\u201d klienti ir priv\u0101t\u012bpa\u0161nieki, \u0113ku apsaimniekot\u0101ji, pa\u0161vald\u012bbas, ce\u013cu b\u016bves uz\u0146\u0113mumi, b\u016bvfirmas u.c. Str\u0101d\u0101jam Kurzemes re\u0123ion\u0101 un Pier\u012bg\u0101.[\/vc_column_text][vc_row_inner][vc_column_inner]<div class=\"icon_title_list-content icon-list\"><ul class=\"icon_title_list\"><li><span class=\"inline-block mb8 mr-15\"><i style=\"color:#8fae1b;\" class=\"ti-check  inline-block\"><\/i><\/span><span>Uz\u0146\u0113mums dibin\u0101ts 2018. gad\u0101 un t\u0101 b\u0101zes vieta ir Kuld\u012bga. Uz\u0146\u0113muma \u012bpa\u0161nieks un galvenais darbu veic\u0113js ir M\u0101ris Lapsi\u0146\u0161, kur\u0161 kokkopja\/arborista sertifik\u0101tu ieguvis Ogres me\u017ea tehnikum\u0101.<\/span><\/li><\/ul><\/div><div class=\"icon_title_list-content icon-list\"><ul class=\"icon_title_list\"><li><span class=\"inline-block mb8 mr-15\"><i style=\"color:#8fae1b;\" class=\"ti-check  inline-block\"><\/i><\/span><span>SIA \u201cKursa Altum\u201d \u012bstenojis vair\u0101kus Eiropas Savien\u012bbas projektus: Nodarbin\u0101t\u012bbas valsts a\u0123ent\u016bras projekts \u201cPas\u0101kumi komercdarb\u012bbas vai pa\u0161nodarbin\u0101t\u012bbas uzs\u0101k\u0161anai\u201d, kura ietvaros ieg\u016bts grants arborista pamata invent\u0101ra ieg\u0101dei, k\u0101 ar\u012b divi Lauku atbalsta dienesta \u201cLeader\u201d projekti - \u201eArborista pakalpojumu att\u012bst\u012b\u0161ana\u201d, kura ietvaros ieg\u0101d\u0101ts \u0161\u0137eldot\u0101js, piekabe un motorz\u0101\u0123is un \u201eArborista pakalpojumu att\u012bst\u012b\u0161ana 2.posms\u201d, kura ietvaros ieg\u0101d\u0101ta celmu fr\u0113ze un dz\u012bv\u017eogu kop\u0161anas invent\u0101rs.<\/span><\/li><\/ul><\/div>[vc_column_text]Uz\u0146\u0113mums kop\u0161 2019. gada ir Kuld\u012bgas biznesa inkubatora biedrs[\/vc_column_text]<div class=\"icon_title_list-content icon-list\"><ul class=\"icon_title_list\"><\/ul><\/div>[\/vc_column_inner][\/vc_row_inner][vc_row_inner][vc_column_inner width=&#8221;1\/2&#8243;][vc_column_text]Vair\u0101k inform\u0101cijas par Eiropas Lauksaimniec\u012bbas fondu lauku att\u012bst\u012bbai pieejams Eiropas Komisijas t\u012bmek\u013ca vietn\u0113 &#8211; <a href=\"http:\/\/ec.europa.eu\/agriculture\/rural-development-2014-2020\/index_lv.htm\">http:\/\/ec.europa.eu\/agriculture\/rural-development-2014-2020\/index_lv.htm<\/a>[\/vc_column_text][vc_single_image image=&#8221;4390&#8243; img_size=&#8221;full&#8221; alignment=&#8221;center&#8221; onclick=&#8221;custom_link&#8221; link=&#8221;https:\/\/drive.google.com\/drive\/u\/0\/folders\/15B5I82raVsQtEh0glxQpyDfH0JCwpSU8&#8243;][\/vc_column_inner][vc_column_inner width=&#8221;1\/2&#8243;][\/vc_column_inner][\/vc_row_inner][\/vc_column][vc_column width=&#8221;1\/3&#8243;][vc_single_image image=&#8221;4236&#8243; img_size=&#8221;full&#8221; alignment=&#8221;center&#8221; css=&#8221;.vc_custom_1589742831795{background-image: url(http:\/\/kursaaltum.com\/wp-content\/uploads\/2020\/05\/pashinjssh5-copy.jpg?id=4236) !important;}&#8221;][\/vc_column][\/vc_row][vc_row tlg_padding=&#8221;pb0&#8243;][vc_column]<div class=\"headings-title\"><div class=\"mb72 mb-xs-40 text-center\"><div style=\"color:#8b8b8b!important;font-size:18px;line-height:23px;text-transform: none!important;\" class=\"widgetsubtitle mb8\">Sazinies ar mums un<\/div><h4 style=\"text-transform: uppercase!important;\" class=\"widgettitle mb0\">SA\u0145EM PIED\u0100V\u0100JUMU!<\/h4><\/div><\/div>[\/vc_column][\/vc_row][vc_row css=&#8221;.vc_custom_1589729550190{background-image: url(http:\/\/kursaaltum.com\/wp-content\/uploads\/2020\/05\/spring-canopy-of-tree-deciduous-forest-summer-natu-V4FTP32-1.jpg?id=4163) !important;}&#8221;][vc_column]<div role=\"form\" class=\"wpcf7\" id=\"wpcf7-f12-o1\" lang=\"en-US\" dir=\"ltr\">\n<div class=\"screen-reader-response\"><p role=\"status\" aria-live=\"polite\" aria-atomic=\"true\"><\/p> <ul><\/ul><\/div>\n<form action=\"\/index.php\/wp-json\/wp\/v2\/pages\/4231#wpcf7-f12-o1\" method=\"post\" class=\"wpcf7-form init\" novalidate=\"novalidate\" data-status=\"init\">\n<div style=\"display: none;\">\n<input type=\"hidden\" name=\"_wpcf7\" value=\"12\" \/>\n<input type=\"hidden\" name=\"_wpcf7_version\" value=\"5.4\" \/>\n<input type=\"hidden\" name=\"_wpcf7_locale\" value=\"en_US\" \/>\n<input type=\"hidden\" name=\"_wpcf7_unit_tag\" value=\"wpcf7-f12-o1\" \/>\n<input type=\"hidden\" name=\"_wpcf7_container_post\" value=\"0\" \/>\n<input type=\"hidden\" name=\"_wpcf7_posted_data_hash\" value=\"\" \/>\n<\/div>\n<div class=\"overflow-hidden\">\n<div class=\"half-column half-column-left\">\n    <span class=\"wpcf7-form-control-wrap your-name\"><input type=\"text\" name=\"your-name\" value=\"\" size=\"40\" class=\"wpcf7-form-control wpcf7-text wpcf7-validates-as-required\" aria-required=\"true\" aria-invalid=\"false\" placeholder=\"V\u0101rds\" \/><\/span><span class=\"wpcf7-form-control-wrap your-message\"><textarea name=\"your-message\" cols=\"40\" rows=\"10\" class=\"wpcf7-form-control wpcf7-textarea\" aria-invalid=\"false\" placeholder=\"Zi\u0146a\"><\/textarea><\/span>\n<\/div>\n<div class=\"half-column half-column-right\">\n   <span class=\"wpcf7-form-control-wrap your-email\"><input type=\"email\" name=\"your-email\" value=\"\" size=\"40\" class=\"wpcf7-form-control wpcf7-text wpcf7-email wpcf7-validates-as-required wpcf7-validates-as-email\" aria-required=\"true\" aria-invalid=\"false\" placeholder=\"e-pasts\" \/><\/span> <input type=\"submit\" value=\"S\u016bt\u012bt\" class=\"wpcf7-form-control wpcf7-submit\" \/>\n<\/div>\n<\/div>\n<div class=\"wpcf7-response-output\" aria-hidden=\"true\"><\/div><\/form><\/div>[\/vc_column][\/vc_row][vc_row tlg_background_style=&#8221;bg-secondary&#8221;][vc_column width=&#8221;1\/3&#8243;]<div class=\"headings-title\"><div class=\"mb16 mb16 mb-xs-40 text-left\"><h5  class=\"widgettitle mb0\">KONTAKTINFO<\/h5><\/div><\/div><div class=\"icon_title_list-content icon-list\"><ul class=\"icon_title_list\"><li><span class=\"inline-block mb8 mr-15\"><i style=\"color:#727272;\" class=\"ti-email  inline-block\"><\/i><\/span><span><a href= \"mailto:kursaaltum@gmail.com\" target=\"_self\" >kursaaltum@gmail.com<\/a><\/span><\/li><\/ul><\/div>[\/vc_column][vc_column width=&#8221;1\/3&#8243;]<div class=\"tlg-spacer\" data-height=\"30\" data-height-tablet=\"30\" data-height-mobile=\"30\" style=\"clear:both;display:block;height:30px;\"><\/div><div class=\"icon_title_list-content icon-list\"><ul class=\"icon_title_list\"><li><span class=\"inline-block mb8 mr-15\"><i style=\"color:#727272;\" class=\"ti-mobile  inline-block\"><\/i><\/span><span><a href= \"tel:+371%2026085985\" target=\"_self\" >+371 26085985<\/a><\/span><\/li><\/ul><\/div>[\/vc_column][vc_column width=&#8221;1\/3&#8243;]<div class=\"tlg-spacer\" data-height=\"30\" data-height-tablet=\"30\" data-height-mobile=\"30\" style=\"clear:both;display:block;height:30px;\"><\/div><div class=\"icon_title_list-content icon-list\"><ul class=\"icon_title_list\"><li><span class=\"inline-block mb8 mr-15\"><i style=\"color:#727272;\" class=\"ti-map-alt  inline-block\"><\/i><\/span><span>Skrundas 19-3, Kuld\u012bga<\/span><\/li><\/ul><\/div>[\/vc_column][\/vc_row]<\/p>\n","protected":false},"excerpt":{"rendered":"<p>[vc_row][vc_column width=&#8221;2\/3&#8243;][vc_column_text]SIA \u201cKursa Altum\u201d sniedz sertific\u0113ta arborista jeb kokkopja pakalpojumus. M\u016bsu pakalpojumu kl\u0101st\u0101 ir pilna servisa&#8230;<\/p>\n","protected":false},"author":2,"featured_media":0,"parent":0,"menu_order":0,"comment_status":"closed","ping_status":"closed","template":"","meta":[],"_links":{"self":[{"href":"https:\/\/kursaaltum.com\/index.php\/wp-json\/wp\/v2\/pages\/4231"}],"collection":[{"href":"https:\/\/kursaaltum.com\/index.php\/wp-json\/wp\/v2\/pages"}],"about":[{"href":"https:\/\/kursaaltum.com\/index.php\/wp-json\/wp\/v2\/types\/page"}],"author":[{"embeddable":true,"href":"https:\/\/kursaaltum.com\/index.php\/wp-json\/wp\/v2\/users\/2"}],"replies":[{"embeddable":true,"href":"https:\/\/kursaaltum.com\/index.php\/wp-json\/wp\/v2\/comments?post=4231"}],"version-history":[{"count":38,"href":"https:\/\/kursaaltum.com\/index.php\/wp-json\/wp\/v2\/pages\/4231\/revisions"}],"predecessor-version":[{"id":4235,"href":"https:\/\/kursaaltum.com\/index.php\/wp-json\/wp\/v2\/pages\/4231\/revisions\/4235"}],"wp:attachment":[{"href":"https:\/\/kursaaltum.com\/index.php\/wp-json\/wp\/v2\/media?parent=4231"}],"curies":[{"name":"wp","href":"https:\/\/api.w.org\/{rel}","templated":true}]}}